{"id":21,"date":"2020-11-09T15:20:55","date_gmt":"2020-11-09T15:20:55","guid":{"rendered":"http:\/\/ihamc.cl\/?page_id=21"},"modified":"2021-03-09T11:16:36","modified_gmt":"2021-03-09T11:16:36","slug":"protocolos","status":"publish","type":"page","link":"https:\/\/ihamc.cl\/index.php\/protocolos\/","title":{"rendered":"Protocolos"},"content":{"rendered":"\n<p><\/p>\n\n\n\n<div class=\"wp-block-file\"><a href=\"http:\/\/ihamc.cl\/wp-content\/uploads\/2020\/11\/1.-REGLAMENTO-INTERNO-ESCOLAR-EDUCACION-BASICA-Y-MEDIA-2020-INSTITUTO-HUMANIDADES-DE-CORONEL.pdf\">1.-REGLAMENTO-INTERNO-ESCOLAR-EDUCACI\u00d3N-B\u00c1SICA-Y-MEDIA-2020-INSTITUTO-HUMANIDADES-DE-CORONEL<\/a><a href=\"http:\/\/ihamc.cl\/wp-content\/uploads\/2020\/11\/1.-REGLAMENTO-INTERNO-ESCOLAR-EDUCACION-BASICA-Y-MEDIA-2020-INSTITUTO-HUMANIDADES-DE-CORONEL.pdf\" class=\"wp-block-file__button\" download>Descargar<\/a><\/div>\n\n\n\n<div class=\"wp-block-file\"><a href=\"http:\/\/ihamc.cl\/wp-content\/uploads\/2020\/11\/1.-REGLAMENTO-INTERNO-ESCOLAR-EDUCACION-PARVULARIA-2020-INSTITUTO-HUMANIDADES-DE-CORONEL.pdf\">1.-REGLAMENTO-INTERNO-ESCOLAR-EDUCACI\u00d3N-PARVULARIA-2020-INSTITUTO-HUMANIDADES-DE-CORONEL<\/a><a href=\"http:\/\/ihamc.cl\/wp-content\/uploads\/2020\/11\/1.-REGLAMENTO-INTERNO-ESCOLAR-EDUCACION-PARVULARIA-2020-INSTITUTO-HUMANIDADES-DE-CORONEL.pdf\" class=\"wp-block-file__button\" download>Descargar<\/a><\/div>\n\n\n\n<div class=\"wp-block-file\"><a href=\"http:\/\/ihamc.cl\/wp-content\/uploads\/2020\/11\/2.-PROTOCOLO-AUTOLESION.pdf\">2.-PROTOCOLO-AUTOLESI\u00d3N<\/a><a href=\"http:\/\/ihamc.cl\/wp-content\/uploads\/2020\/11\/2.-PROTOCOLO-AUTOLESION.pdf\" class=\"wp-block-file__button\" download>Descargar<\/a><\/div>\n\n\n\n<div class=\"wp-block-file\"><a href=\"http:\/\/ihamc.cl\/wp-content\/uploads\/2020\/11\/3.-PROTOCOLO-RECONOCIMIENTO-IDENTIDAD-DE-GENERO.pdf\">3.-PROTOCOLO-RECONOCIMIENTO-IDENTIDAD-DE-G\u00c9NERO<\/a><a href=\"http:\/\/ihamc.cl\/wp-content\/uploads\/2020\/11\/3.-PROTOCOLO-RECONOCIMIENTO-IDENTIDAD-DE-GENERO.pdf\" class=\"wp-block-file__button\" download>Descargar<\/a><\/div>\n\n\n\n<div class=\"wp-block-file\"><a href=\"http:\/\/ihamc.cl\/wp-content\/uploads\/2020\/11\/4.-IDEACION-CONSUMACION-E-INTENTO-DE-SUICIDIO.pdf\">4.-IDEACI\u00d3N-CONSUMACI\u00d3N-E-INTENTO-DE-SUICIDIO<\/a><a href=\"http:\/\/ihamc.cl\/wp-content\/uploads\/2020\/11\/4.-IDEACION-CONSUMACION-E-INTENTO-DE-SUICIDIO.pdf\" class=\"wp-block-file__button\" download>Descargar<\/a><\/div>\n\n\n\n<div class=\"wp-block-file\"><a href=\"http:\/\/ihamc.cl\/wp-content\/uploads\/2020\/11\/5.-GESTION-COLABORATIVA-DE-CONFLICTOS.pdf\">5.-GESTI\u00d3N-COLABORATIVA-DE-CONFLICTOS<\/a><a href=\"http:\/\/ihamc.cl\/wp-content\/uploads\/2020\/11\/5.-GESTION-COLABORATIVA-DE-CONFLICTOS.pdf\" class=\"wp-block-file__button\" download>Descargar<\/a><\/div>\n\n\n\n<div class=\"wp-block-file\"><a href=\"http:\/\/ihamc.cl\/wp-content\/uploads\/2020\/11\/6.-MANUAL-DE-MEDIDAS-PARA-GARANTIZAR-HIGIENE-Y-RESGUARDAR-LA-SALUD-ED.-PARVULARIO.pdf\">6.-MANUAL-DE-MEDIDAS-PARA-GARANTIZAR-HIGIENE-Y-RESGUARDAR-LA-SALUD-ED.-PARVULARIO<\/a><a href=\"http:\/\/ihamc.cl\/wp-content\/uploads\/2020\/11\/6.-MANUAL-DE-MEDIDAS-PARA-GARANTIZAR-HIGIENE-Y-RESGUARDAR-LA-SALUD-ED.-PARVULARIO.pdf\" class=\"wp-block-file__button\" download>Descargar<\/a><\/div>\n\n\n\n<div class=\"wp-block-file\"><a href=\"http:\/\/ihamc.cl\/wp-content\/uploads\/2020\/11\/7.-CIRCULAR-CONSEJO-ESCOLAR-2020.pdf\">7.-CIRCULAR-CONSEJO-ESCOLAR-2020<\/a><a href=\"http:\/\/ihamc.cl\/wp-content\/uploads\/2020\/11\/7.-CIRCULAR-CONSEJO-ESCOLAR-2020.pdf\" class=\"wp-block-file__button\" download>Descargar<\/a><\/div>\n\n\n\n<div class=\"wp-block-file\"><a href=\"http:\/\/ihamc.cl\/wp-content\/uploads\/2020\/11\/8.-PROTOCOLO-SALIDAS-PEDAGOGICAS-Y-GIRAS-DE-ESTUDIO.pdf\">8.-PROTOCOLO-SALIDAS-PEDAG\u00d3GICAS-Y-GIRAS-DE-ESTUDIO<\/a><a href=\"http:\/\/ihamc.cl\/wp-content\/uploads\/2020\/11\/8.-PROTOCOLO-SALIDAS-PEDAGOGICAS-Y-GIRAS-DE-ESTUDIO.pdf\" class=\"wp-block-file__button\" download>Descargar<\/a><\/div>\n\n\n\n<div class=\"wp-block-file\"><a href=\"http:\/\/ihamc.cl\/wp-content\/uploads\/2020\/11\/9.-PROTOCOLO-SITUACIONES-RELACIONADAS-A-DROGAS-Y-ALCOHOL-EN-EL-ESTABLECIMIENTO.pdf\">9.-PROTOCOLO-SITUACIONES-RELACIONADAS-A-DROGAS-Y-ALCOHOL-EN-EL-ESTABLECIMIENTO<\/a><a href=\"http:\/\/ihamc.cl\/wp-content\/uploads\/2020\/11\/9.-PROTOCOLO-SITUACIONES-RELACIONADAS-A-DROGAS-Y-ALCOHOL-EN-EL-ESTABLECIMIENTO.pdf\" class=\"wp-block-file__button\" download>Descargar<\/a><\/div>\n\n\n\n<div class=\"wp-block-file\"><a href=\"http:\/\/ihamc.cl\/wp-content\/uploads\/2020\/11\/10.-PROTOCOLO-SITUACIONES-RELACIONADAS-HECHOS-DE-AGRESION-O-CONNOTACION-SEXUAL.pdf\">10.-PROTOCOLO-SITUACIONES-RELACIONADAS-HECHOS-DE-AGRESI\u00d3N-O-CONNOTACI\u00d3N-SEXUAL<\/a><a href=\"http:\/\/ihamc.cl\/wp-content\/uploads\/2020\/11\/10.-PROTOCOLO-SITUACIONES-RELACIONADAS-HECHOS-DE-AGRESION-O-CONNOTACION-SEXUAL.pdf\" class=\"wp-block-file__button\" download>Descargar<\/a><\/div>\n\n\n\n<div class=\"wp-block-file\"><a href=\"http:\/\/ihamc.cl\/wp-content\/uploads\/2020\/11\/11.-PROTOCOLO-VULNERACION-DE-DERECHOS.pdf\">11.-PROTOCOLO-VULNERACI\u00d3N-DE-DERECHOS<\/a><a href=\"http:\/\/ihamc.cl\/wp-content\/uploads\/2020\/11\/11.-PROTOCOLO-VULNERACION-DE-DERECHOS.pdf\" class=\"wp-block-file__button\" download>Descargar<\/a><\/div>\n\n\n\n<div class=\"wp-block-file\"><a href=\"http:\/\/ihamc.cl\/wp-content\/uploads\/2020\/11\/12.-PROTOCOLO-DE-DISCRIMINACION-ARBITRARIA.pdf\">12.-PROTOCOLO-DE-DISCRIMINACI\u00d3N-ARBITRARIA<\/a><a href=\"http:\/\/ihamc.cl\/wp-content\/uploads\/2020\/11\/12.-PROTOCOLO-DE-DISCRIMINACION-ARBITRARIA.pdf\" class=\"wp-block-file__button\" download>Descargar<\/a><\/div>\n\n\n\n<div class=\"wp-block-file\"><a href=\"http:\/\/ihamc.cl\/wp-content\/uploads\/2020\/11\/13.-PROTOCOLO-DE-VIOLENCIA-ENTRE-MIEMBROS-DE-LA-COMUNIDAD-EDUCATIVA.pdf\">13.-PROTOCOLO-DE-VIOLENCIA-ENTRE-MIEMBROS-DE-LA-COMUNIDAD-EDUCATIVA<\/a><a href=\"http:\/\/ihamc.cl\/wp-content\/uploads\/2020\/11\/13.-PROTOCOLO-DE-VIOLENCIA-ENTRE-MIEMBROS-DE-LA-COMUNIDAD-EDUCATIVA.pdf\" class=\"wp-block-file__button\" download>Descargar<\/a><\/div>\n\n\n\n<div class=\"wp-block-file\"><a href=\"http:\/\/ihamc.cl\/wp-content\/uploads\/2020\/11\/14.-PROTOCOLO-ACOSO-ESCOLAR.pdf\">14.-PROTOCOLO-ACOSO-ESCOLAR<\/a><a href=\"http:\/\/ihamc.cl\/wp-content\/uploads\/2020\/11\/14.-PROTOCOLO-ACOSO-ESCOLAR.pdf\" class=\"wp-block-file__button\" download>Descargar<\/a><\/div>\n\n\n\n<div class=\"wp-block-file\"><a href=\"http:\/\/ihamc.cl\/wp-content\/uploads\/2020\/11\/15.-PROTOCOLO-DE-RETENCION-Y-APOYO-A-ESTUDIANTES-PADRES-MADRES-Y-EMBARAZADAS.pdf\">15.-PROTOCOLO-DE-RETENCI\u00d3N-Y-APOYO-A-ESTUDIANTES-PADRES-MADRES-Y-EMBARAZADAS<\/a><a href=\"http:\/\/ihamc.cl\/wp-content\/uploads\/2020\/11\/15.-PROTOCOLO-DE-RETENCION-Y-APOYO-A-ESTUDIANTES-PADRES-MADRES-Y-EMBARAZADAS.pdf\" class=\"wp-block-file__button\" download>Descargar<\/a><\/div>\n\n\n\n<div class=\"wp-block-file\"><a href=\"http:\/\/ihamc.cl\/wp-content\/uploads\/2020\/11\/16.-PROTOCOLO-ACCIDENTES-ESCOLARES.pdf\">16.-PROTOCOLO-ACCIDENTES-ESCOLARES<\/a><a href=\"http:\/\/ihamc.cl\/wp-content\/uploads\/2020\/11\/16.-PROTOCOLO-ACCIDENTES-ESCOLARES.pdf\" class=\"wp-block-file__button\" download>Descargar<\/a><\/div>\n","protected":false},"excerpt":{"rendered":"<p>1.-REGLAMENTO-INTERNO-ESCOLAR-EDUCACI\u00d3N-B\u00c1SICA-Y-MEDIA-2020-INSTITUTO-HUMANIDADES-DE-CORONELDescargar 1.-REGLAMENTO-INTERNO-ESCOLAR-EDUCACI\u00d3N-PARVULARIA-2020-INSTITUTO-HUMANIDADES-DE-CORONELDescargar 2.-PROTOCOLO-AUTOLESI\u00d3NDescargar 3.-PROTOCOLO-RECONOCIMIENTO-IDENTIDAD-DE-G\u00c9NERODescargar 4.-IDEACI\u00d3N-CONSUMACI\u00d3N-E-INTENTO-DE-SUICIDIODescargar 5.-GESTI\u00d3N-COLABORATIVA-DE-CONFLICTOSDescargar 6.-MANUAL-DE-MEDIDAS-PARA-GARANTIZAR-HIGIENE-Y-RESGUARDAR-LA-SALUD-ED.-PARVULARIODescargar 7.-CIRCULAR-CONSEJO-ESCOLAR-2020Descargar 8.-PROTOCOLO-SALIDAS-PEDAG\u00d3GICAS-Y-GIRAS-DE-ESTUDIODescargar 9.-PROTOCOLO-SITUACIONES-RELACIONADAS-A-DROGAS-Y-ALCOHOL-EN-EL-ESTABLECIMIENTODescargar 10.-PROTOCOLO-SITUACIONES-RELACIONADAS-HECHOS-DE-AGRESI\u00d3N-O-CONNOTACI\u00d3N-SEXUALDescargar 11.-PROTOCOLO-VULNERACI\u00d3N-DE-DERECHOSDescargar 12.-PROTOCOLO-DE-DISCRIMINACI\u00d3N-ARBITRARIADescargar 13.-PROTOCOLO-DE-VIOLENCIA-ENTRE-MIEMBROS-DE-LA-COMUNIDAD-EDUCATIVADescargar 14.-PROTOCOLO-ACOSO-ESCOLARDescargar 15.-PROTOCOLO-DE-RETENCI\u00d3N-Y-APOYO-A-ESTUDIANTES-PADRES-MADRES-Y-EMBARAZADASDescargar 16.-PROTOCOLO-ACCIDENTES-ESCOLARESDescargar<\/p>\n","protected":false},"author":1,"featured_media":0,"parent":0,"menu_order":0,"comment_status":"closed","ping_status":"closed","template":"","meta":{"_et_pb_use_builder":"on","_et_pb_old_content":"<!-- wp:paragraph -->\n<p><\/p>\n<!-- \/wp:paragraph -->\n\n<!-- wp:file {\"id\":107,\"href\":\"http:\/\/ihamc.cl\/wp-content\/uploads\/2020\/11\/1.-REGLAMENTO-INTERNO-ESCOLAR-EDUCACION-BASICA-Y-MEDIA-2020-INSTITUTO-HUMANIDADES-DE-CORONEL.pdf\"} -->\n<div class=\"wp-block-file\"><a href=\"http:\/\/ihamc.cl\/wp-content\/uploads\/2020\/11\/1.-REGLAMENTO-INTERNO-ESCOLAR-EDUCACION-BASICA-Y-MEDIA-2020-INSTITUTO-HUMANIDADES-DE-CORONEL.pdf\">1.-REGLAMENTO-INTERNO-ESCOLAR-EDUCACI\u00d3N-B\u00c1SICA-Y-MEDIA-2020-INSTITUTO-HUMANIDADES-DE-CORONEL<\/a><a href=\"http:\/\/ihamc.cl\/wp-content\/uploads\/2020\/11\/1.-REGLAMENTO-INTERNO-ESCOLAR-EDUCACION-BASICA-Y-MEDIA-2020-INSTITUTO-HUMANIDADES-DE-CORONEL.pdf\" class=\"wp-block-file__button\" download>Descargar<\/a><\/div>\n<!-- \/wp:file -->\n\n<!-- wp:file {\"id\":108,\"href\":\"http:\/\/ihamc.cl\/wp-content\/uploads\/2020\/11\/1.-REGLAMENTO-INTERNO-ESCOLAR-EDUCACION-PARVULARIA-2020-INSTITUTO-HUMANIDADES-DE-CORONEL.pdf\"} -->\n<div class=\"wp-block-file\"><a href=\"http:\/\/ihamc.cl\/wp-content\/uploads\/2020\/11\/1.-REGLAMENTO-INTERNO-ESCOLAR-EDUCACION-PARVULARIA-2020-INSTITUTO-HUMANIDADES-DE-CORONEL.pdf\">1.-REGLAMENTO-INTERNO-ESCOLAR-EDUCACI\u00d3N-PARVULARIA-2020-INSTITUTO-HUMANIDADES-DE-CORONEL<\/a><a href=\"http:\/\/ihamc.cl\/wp-content\/uploads\/2020\/11\/1.-REGLAMENTO-INTERNO-ESCOLAR-EDUCACION-PARVULARIA-2020-INSTITUTO-HUMANIDADES-DE-CORONEL.pdf\" class=\"wp-block-file__button\" download>Descargar<\/a><\/div>\n<!-- \/wp:file -->\n\n<!-- wp:file {\"id\":109,\"href\":\"http:\/\/ihamc.cl\/wp-content\/uploads\/2020\/11\/2.-PROTOCOLO-AUTOLESION.pdf\"} -->\n<div class=\"wp-block-file\"><a href=\"http:\/\/ihamc.cl\/wp-content\/uploads\/2020\/11\/2.-PROTOCOLO-AUTOLESION.pdf\">2.-PROTOCOLO-AUTOLESI\u00d3N<\/a><a href=\"http:\/\/ihamc.cl\/wp-content\/uploads\/2020\/11\/2.-PROTOCOLO-AUTOLESION.pdf\" class=\"wp-block-file__button\" download>Descargar<\/a><\/div>\n<!-- \/wp:file -->\n\n<!-- wp:file {\"id\":110,\"href\":\"http:\/\/ihamc.cl\/wp-content\/uploads\/2020\/11\/3.-PROTOCOLO-RECONOCIMIENTO-IDENTIDAD-DE-GENERO.pdf\"} -->\n<div class=\"wp-block-file\"><a href=\"http:\/\/ihamc.cl\/wp-content\/uploads\/2020\/11\/3.-PROTOCOLO-RECONOCIMIENTO-IDENTIDAD-DE-GENERO.pdf\">3.-PROTOCOLO-RECONOCIMIENTO-IDENTIDAD-DE-G\u00c9NERO<\/a><a href=\"http:\/\/ihamc.cl\/wp-content\/uploads\/2020\/11\/3.-PROTOCOLO-RECONOCIMIENTO-IDENTIDAD-DE-GENERO.pdf\" class=\"wp-block-file__button\" download>Descargar<\/a><\/div>\n<!-- \/wp:file -->\n\n<!-- wp:file {\"id\":111,\"href\":\"http:\/\/ihamc.cl\/wp-content\/uploads\/2020\/11\/4.-IDEACION-CONSUMACION-E-INTENTO-DE-SUICIDIO.pdf\"} -->\n<div class=\"wp-block-file\"><a href=\"http:\/\/ihamc.cl\/wp-content\/uploads\/2020\/11\/4.-IDEACION-CONSUMACION-E-INTENTO-DE-SUICIDIO.pdf\">4.-IDEACI\u00d3N-CONSUMACI\u00d3N-E-INTENTO-DE-SUICIDIO<\/a><a href=\"http:\/\/ihamc.cl\/wp-content\/uploads\/2020\/11\/4.-IDEACION-CONSUMACION-E-INTENTO-DE-SUICIDIO.pdf\" class=\"wp-block-file__button\" download>Descargar<\/a><\/div>\n<!-- \/wp:file -->\n\n<!-- wp:file {\"id\":112,\"href\":\"http:\/\/ihamc.cl\/wp-content\/uploads\/2020\/11\/5.-GESTION-COLABORATIVA-DE-CONFLICTOS.pdf\"} -->\n<div class=\"wp-block-file\"><a href=\"http:\/\/ihamc.cl\/wp-content\/uploads\/2020\/11\/5.-GESTION-COLABORATIVA-DE-CONFLICTOS.pdf\">5.-GESTI\u00d3N-COLABORATIVA-DE-CONFLICTOS<\/a><a href=\"http:\/\/ihamc.cl\/wp-content\/uploads\/2020\/11\/5.-GESTION-COLABORATIVA-DE-CONFLICTOS.pdf\" class=\"wp-block-file__button\" download>Descargar<\/a><\/div>\n<!-- \/wp:file -->\n\n<!-- wp:file {\"id\":113,\"href\":\"http:\/\/ihamc.cl\/wp-content\/uploads\/2020\/11\/6.-MANUAL-DE-MEDIDAS-PARA-GARANTIZAR-HIGIENE-Y-RESGUARDAR-LA-SALUD-ED.-PARVULARIO.pdf\"} -->\n<div class=\"wp-block-file\"><a href=\"http:\/\/ihamc.cl\/wp-content\/uploads\/2020\/11\/6.-MANUAL-DE-MEDIDAS-PARA-GARANTIZAR-HIGIENE-Y-RESGUARDAR-LA-SALUD-ED.-PARVULARIO.pdf\">6.-MANUAL-DE-MEDIDAS-PARA-GARANTIZAR-HIGIENE-Y-RESGUARDAR-LA-SALUD-ED.-PARVULARIO<\/a><a href=\"http:\/\/ihamc.cl\/wp-content\/uploads\/2020\/11\/6.-MANUAL-DE-MEDIDAS-PARA-GARANTIZAR-HIGIENE-Y-RESGUARDAR-LA-SALUD-ED.-PARVULARIO.pdf\" class=\"wp-block-file__button\" download>Descargar<\/a><\/div>\n<!-- \/wp:file -->\n\n<!-- wp:file {\"id\":114,\"href\":\"http:\/\/ihamc.cl\/wp-content\/uploads\/2020\/11\/7.-CIRCULAR-CONSEJO-ESCOLAR-2020.pdf\"} -->\n<div class=\"wp-block-file\"><a href=\"http:\/\/ihamc.cl\/wp-content\/uploads\/2020\/11\/7.-CIRCULAR-CONSEJO-ESCOLAR-2020.pdf\">7.-CIRCULAR-CONSEJO-ESCOLAR-2020<\/a><a href=\"http:\/\/ihamc.cl\/wp-content\/uploads\/2020\/11\/7.-CIRCULAR-CONSEJO-ESCOLAR-2020.pdf\" class=\"wp-block-file__button\" download>Descargar<\/a><\/div>\n<!-- \/wp:file -->\n\n<!-- wp:file {\"id\":115,\"href\":\"http:\/\/ihamc.cl\/wp-content\/uploads\/2020\/11\/8.-PROTOCOLO-SALIDAS-PEDAGOGICAS-Y-GIRAS-DE-ESTUDIO.pdf\"} -->\n<div class=\"wp-block-file\"><a href=\"http:\/\/ihamc.cl\/wp-content\/uploads\/2020\/11\/8.-PROTOCOLO-SALIDAS-PEDAGOGICAS-Y-GIRAS-DE-ESTUDIO.pdf\">8.-PROTOCOLO-SALIDAS-PEDAG\u00d3GICAS-Y-GIRAS-DE-ESTUDIO<\/a><a href=\"http:\/\/ihamc.cl\/wp-content\/uploads\/2020\/11\/8.-PROTOCOLO-SALIDAS-PEDAGOGICAS-Y-GIRAS-DE-ESTUDIO.pdf\" class=\"wp-block-file__button\" download>Descargar<\/a><\/div>\n<!-- \/wp:file -->\n\n<!-- wp:file {\"id\":116,\"href\":\"http:\/\/ihamc.cl\/wp-content\/uploads\/2020\/11\/9.-PROTOCOLO-SITUACIONES-RELACIONADAS-A-DROGAS-Y-ALCOHOL-EN-EL-ESTABLECIMIENTO.pdf\"} -->\n<div class=\"wp-block-file\"><a href=\"http:\/\/ihamc.cl\/wp-content\/uploads\/2020\/11\/9.-PROTOCOLO-SITUACIONES-RELACIONADAS-A-DROGAS-Y-ALCOHOL-EN-EL-ESTABLECIMIENTO.pdf\">9.-PROTOCOLO-SITUACIONES-RELACIONADAS-A-DROGAS-Y-ALCOHOL-EN-EL-ESTABLECIMIENTO<\/a><a href=\"http:\/\/ihamc.cl\/wp-content\/uploads\/2020\/11\/9.-PROTOCOLO-SITUACIONES-RELACIONADAS-A-DROGAS-Y-ALCOHOL-EN-EL-ESTABLECIMIENTO.pdf\" class=\"wp-block-file__button\" download>Descargar<\/a><\/div>\n<!-- \/wp:file -->\n\n<!-- wp:file {\"id\":117,\"href\":\"http:\/\/ihamc.cl\/wp-content\/uploads\/2020\/11\/10.-PROTOCOLO-SITUACIONES-RELACIONADAS-HECHOS-DE-AGRESION-O-CONNOTACION-SEXUAL.pdf\"} -->\n<div class=\"wp-block-file\"><a href=\"http:\/\/ihamc.cl\/wp-content\/uploads\/2020\/11\/10.-PROTOCOLO-SITUACIONES-RELACIONADAS-HECHOS-DE-AGRESION-O-CONNOTACION-SEXUAL.pdf\">10.-PROTOCOLO-SITUACIONES-RELACIONADAS-HECHOS-DE-AGRESI\u00d3N-O-CONNOTACI\u00d3N-SEXUAL<\/a><a href=\"http:\/\/ihamc.cl\/wp-content\/uploads\/2020\/11\/10.-PROTOCOLO-SITUACIONES-RELACIONADAS-HECHOS-DE-AGRESION-O-CONNOTACION-SEXUAL.pdf\" class=\"wp-block-file__button\" download>Descargar<\/a><\/div>\n<!-- \/wp:file -->\n\n<!-- wp:file {\"id\":118,\"href\":\"http:\/\/ihamc.cl\/wp-content\/uploads\/2020\/11\/11.-PROTOCOLO-VULNERACION-DE-DERECHOS.pdf\"} -->\n<div class=\"wp-block-file\"><a href=\"http:\/\/ihamc.cl\/wp-content\/uploads\/2020\/11\/11.-PROTOCOLO-VULNERACION-DE-DERECHOS.pdf\">11.-PROTOCOLO-VULNERACI\u00d3N-DE-DERECHOS<\/a><a href=\"http:\/\/ihamc.cl\/wp-content\/uploads\/2020\/11\/11.-PROTOCOLO-VULNERACION-DE-DERECHOS.pdf\" class=\"wp-block-file__button\" download>Descargar<\/a><\/div>\n<!-- \/wp:file -->\n\n<!-- wp:file {\"id\":119,\"href\":\"http:\/\/ihamc.cl\/wp-content\/uploads\/2020\/11\/12.-PROTOCOLO-DE-DISCRIMINACION-ARBITRARIA.pdf\"} -->\n<div class=\"wp-block-file\"><a href=\"http:\/\/ihamc.cl\/wp-content\/uploads\/2020\/11\/12.-PROTOCOLO-DE-DISCRIMINACION-ARBITRARIA.pdf\">12.-PROTOCOLO-DE-DISCRIMINACI\u00d3N-ARBITRARIA<\/a><a href=\"http:\/\/ihamc.cl\/wp-content\/uploads\/2020\/11\/12.-PROTOCOLO-DE-DISCRIMINACION-ARBITRARIA.pdf\" class=\"wp-block-file__button\" download>Descargar<\/a><\/div>\n<!-- \/wp:file -->\n\n<!-- wp:file {\"id\":120,\"href\":\"http:\/\/ihamc.cl\/wp-content\/uploads\/2020\/11\/13.-PROTOCOLO-DE-VIOLENCIA-ENTRE-MIEMBROS-DE-LA-COMUNIDAD-EDUCATIVA.pdf\"} -->\n<div class=\"wp-block-file\"><a href=\"http:\/\/ihamc.cl\/wp-content\/uploads\/2020\/11\/13.-PROTOCOLO-DE-VIOLENCIA-ENTRE-MIEMBROS-DE-LA-COMUNIDAD-EDUCATIVA.pdf\">13.-PROTOCOLO-DE-VIOLENCIA-ENTRE-MIEMBROS-DE-LA-COMUNIDAD-EDUCATIVA<\/a><a href=\"http:\/\/ihamc.cl\/wp-content\/uploads\/2020\/11\/13.-PROTOCOLO-DE-VIOLENCIA-ENTRE-MIEMBROS-DE-LA-COMUNIDAD-EDUCATIVA.pdf\" class=\"wp-block-file__button\" download>Descargar<\/a><\/div>\n<!-- \/wp:file -->\n\n<!-- wp:file {\"id\":121,\"href\":\"http:\/\/ihamc.cl\/wp-content\/uploads\/2020\/11\/14.-PROTOCOLO-ACOSO-ESCOLAR.pdf\"} -->\n<div class=\"wp-block-file\"><a href=\"http:\/\/ihamc.cl\/wp-content\/uploads\/2020\/11\/14.-PROTOCOLO-ACOSO-ESCOLAR.pdf\">14.-PROTOCOLO-ACOSO-ESCOLAR<\/a><a href=\"http:\/\/ihamc.cl\/wp-content\/uploads\/2020\/11\/14.-PROTOCOLO-ACOSO-ESCOLAR.pdf\" class=\"wp-block-file__button\" download>Descargar<\/a><\/div>\n<!-- \/wp:file -->\n\n<!-- wp:file {\"id\":122,\"href\":\"http:\/\/ihamc.cl\/wp-content\/uploads\/2020\/11\/15.-PROTOCOLO-DE-RETENCION-Y-APOYO-A-ESTUDIANTES-PADRES-MADRES-Y-EMBARAZADAS.pdf\"} -->\n<div class=\"wp-block-file\"><a href=\"http:\/\/ihamc.cl\/wp-content\/uploads\/2020\/11\/15.-PROTOCOLO-DE-RETENCION-Y-APOYO-A-ESTUDIANTES-PADRES-MADRES-Y-EMBARAZADAS.pdf\">15.-PROTOCOLO-DE-RETENCI\u00d3N-Y-APOYO-A-ESTUDIANTES-PADRES-MADRES-Y-EMBARAZADAS<\/a><a href=\"http:\/\/ihamc.cl\/wp-content\/uploads\/2020\/11\/15.-PROTOCOLO-DE-RETENCION-Y-APOYO-A-ESTUDIANTES-PADRES-MADRES-Y-EMBARAZADAS.pdf\" class=\"wp-block-file__button\" download>Descargar<\/a><\/div>\n<!-- \/wp:file -->\n\n<!-- wp:file {\"id\":123,\"href\":\"http:\/\/ihamc.cl\/wp-content\/uploads\/2020\/11\/16.-PROTOCOLO-ACCIDENTES-ESCOLARES.pdf\"} -->\n<div class=\"wp-block-file\"><a href=\"http:\/\/ihamc.cl\/wp-content\/uploads\/2020\/11\/16.-PROTOCOLO-ACCIDENTES-ESCOLARES.pdf\">16.-PROTOCOLO-ACCIDENTES-ESCOLARES<\/a><a href=\"http:\/\/ihamc.cl\/wp-content\/uploads\/2020\/11\/16.-PROTOCOLO-ACCIDENTES-ESCOLARES.pdf\" class=\"wp-block-file__button\" download>Descargar<\/a><\/div>\n<!-- \/wp:file -->","_et_gb_content_width":"","footnotes":""},"class_list":["post-21","page","type-page","status-publish","hentry"],"_links":{"self":[{"href":"https:\/\/ihamc.cl\/index.php\/wp-json\/wp\/v2\/pages\/21"}],"collection":[{"href":"https:\/\/ihamc.cl\/index.php\/wp-json\/wp\/v2\/pages"}],"about":[{"href":"https:\/\/ihamc.cl\/index.php\/wp-json\/wp\/v2\/types\/page"}],"author":[{"embeddable":true,"href":"https:\/\/ihamc.cl\/index.php\/wp-json\/wp\/v2\/users\/1"}],"replies":[{"embeddable":true,"href":"https:\/\/ihamc.cl\/index.php\/wp-json\/wp\/v2\/comments?post=21"}],"version-history":[{"count":4,"href":"https:\/\/ihamc.cl\/index.php\/wp-json\/wp\/v2\/pages\/21\/revisions"}],"predecessor-version":[{"id":130,"href":"https:\/\/ihamc.cl\/index.php\/wp-json\/wp\/v2\/pages\/21\/revisions\/130"}],"wp:attachment":[{"href":"https:\/\/ihamc.cl\/index.php\/wp-json\/wp\/v2\/media?parent=21"}],"curies":[{"name":"wp","href":"https:\/\/api.w.org\/{rel}","templated":true}]}}